{"id":360,"date":"2018-01-27T23:14:29","date_gmt":"2018-01-27T23:14:29","guid":{"rendered":"https:\/\/www.rockymountania.org\/?page_id=360"},"modified":"2019-11-28T10:30:34","modified_gmt":"2019-11-28T17:30:34","slug":"schlaraffia","status":"publish","type":"page","link":"https:\/\/rockymountania.org\/?page_id=360","title":{"rendered":"Schlaraffia"},"content":{"rendered":"<p>[et_pb_section fb_built=&#8221;1&#8243; fullwidth=&#8221;on&#8221; _builder_version=&#8221;3.22&#8243;][et_pb_fullwidth_image src=&#8221;https:\/\/rockymountania.org\/wp-content\/uploads\/2018\/04\/thron1-750.jpg&#8221; _builder_version=&#8221;3.0.106&#8243;][\/et_pb_fullwidth_image][\/et_pb_section][et_pb_section fb_built=&#8221;1&#8243; _builder_version=&#8221;3.22&#8243;][et_pb_row _builder_version=&#8221;3.25&#8243; background_size=&#8221;initial&#8221; background_position=&#8221;top_left&#8221; background_repeat=&#8221;repeat&#8221;][et_pb_column type=&#8221;4_4&#8243; _builder_version=&#8221;3.25&#8243; custom_padding=&#8221;|||&#8221; custom_padding__hover=&#8221;|||&#8221;][et_pb_text _builder_version=&#8221;3.27.4&#8243; text_font=&#8221;Times New Roman||||||||&#8221; text_text_color=&#8221;#000000&#8243; text_font_size=&#8221;18px&#8221;]<\/p>\n<h4><em><strong>Was ist Schlaraffia\u00ae<\/strong><\/em><\/h4>\n<p>Schlaraffia\u00ae ist eine weltweite Vereinigung von M\u00e4nnern, die der Pflege von Kunst, Freundschaft und Humor verpflichtet sind. Ihr Leitspruch heisst \u00abIn arte voluptas\u00bb, \u00abIn der Kunst liegt das Vergn\u00fcgen\u00bb.<\/p>\n<p style=\"text-align: center;\">Sollte mich je ein Unwissender fragen: Was macht ihr Schlaraffen? Ich w\u00fcrde ihm sagen:<br \/>\nWir sind Freunde, musisch meist,<br \/>\nLachen gerne \u00fcber Spa\u00df mit Geist.<br \/>\nWir sitzen beisammen, es wird nicht geprahlt,<br \/>\nWer mehr verdient, wer mehr bezahlt.<br \/>\nEs gilt nicht das Alter, nicht die Position,<br \/>\nDaf\u00fcr mehr der Stil, der gute Ton.<br \/>\nAlles Dinge, die in der heutigen Zeit<br \/>\nRegistriert werden unter \u201aVergangenheit\u2018.<br \/>\nWenn andere meinen, sowas kann man nur tr\u00e4umen,<br \/>\nSei ihnen gesagt, dass sie vieles vers\u00e4umen,<br \/>\nWenn sie nicht, wie wir seit Jahren,<br \/>\nDer Welt zum Trotz, dies alles bewahren<br \/>\nWeiland Rt Sketch der Copy-Reiter, Reych Vindobona<\/p>\n<p>Wenn Sie selbst gerne rezitieren, musizieren, dichten, komponieren, zuh\u00f6ren und zusehen, gerne malen, zaubern oder anderen K\u00fcnsten nachgehen dann bietet Ihnen Schlaraffia\u00ae ein Forum, das Ihnen mit Toleranz, Geist, und Humor ein Wunderland des Geistes er\u00f6ffnet. Die Beitr\u00e4ge der Sassen (Mitglieder Schlaraffias) sind teils ernst, teils heiter und sollten humorvollen Erg\u00e4nzungen, Kommentaren und Wortspielen durch die Zuh\u00f6rerschaft durchaus Raum geben.<br \/>\nHeute gibt es ca. 260 Reyche (Ortsvereine der Schlaraffen) mit \u00fcber 10.000 Mitgliedern in Europa davon \u00fcberwiegend in Deutschland, \u00d6sterreich, Schweiz, Nord- und S\u00fcdamerika, S\u00fcdafrika, Thailand und Australien. In jedem dieser Reyche wird deutsch gesprochen.<br \/>\nWenn Sie gerne zuh\u00f6ren wollen, wenn Sie bereit sind Leistungen anderer Sassen tolerant zu w\u00fcrdigen und sich einige Stunden nicht \u00fcber Politik, Beruf und Religion zu unterhalten, dann sollten Sie den n\u00e4chsten Schritt tun und sich weiter \u00fcber Schlaraffia\u00ae informieren.<br \/>\n[\/et_pb_text][\/et_pb_column][\/et_pb_row][\/et_pb_section][et_pb_section fb_built=&#8221;1&#8243; _builder_version=&#8221;3.22&#8243; use_background_color_gradient=&#8221;on&#8221; background_color_gradient_start=&#8221;#7cda24&#8243; background_color_gradient_end=&#8221;#edf000&#8243;][et_pb_row _builder_version=&#8221;3.25&#8243; background_size=&#8221;initial&#8221; background_position=&#8221;top_left&#8221; background_repeat=&#8221;repeat&#8221;][et_pb_column type=&#8221;4_4&#8243; _builder_version=&#8221;3.25&#8243; custom_padding=&#8221;|||&#8221; custom_padding__hover=&#8221;|||&#8221;][et_pb_text _builder_version=&#8221;3.27.4&#8243; text_font=&#8221;Times New Roman||||||||&#8221; text_font_size=&#8221;18px&#8221;]<\/p>\n<h4><strong><em>Wie entstand Schlaraffia\u00ae?<\/em><\/strong><\/h4>\n<h4>Schlaraffia wurde 1859 in Prag gegr\u00fcndet. Dort traf sich eine zun\u00e4chst vorwiegend aus K\u00fcnstlern bestehende Runde, die nicht nur den sch\u00f6nen K\u00fcnsten huldigte, sondern mit satirischer Lust die \u00dcberheblichkeit des Adels und die d\u00fcnkelhafte Titels- und Ordenssucht des tonangebenden Beamtentums aufs Korn nahm.<br \/>\nDamals wie heute geht es uns Schlaraffen um die Persiflage der allt\u00e4glichen \u00abWichtigkeiten\u00bb, die wir im normalen Leben eigentlich gar nicht mehr erkennen, in denen wir aber praktisch gefangen sind. Es geht darum, diese allt\u00e4glichen \u00abWichtigkeiten\u00bb spielerisch zu \u00fcberzeichnen, aufzubauschen, dadurch erkennbar zu machen, sie durch den Kakao zu ziehen und damit uns und unser Umfeld ein wenig auf den Arm zu nehmen, ohne zu verletzen. Wer dabei erkennt, dass man sich selbst nicht so ernst und so wichtig nehmen sollte, dass man auch \u00fcber sich selbst lachen kann, der hat fast schon das ganze Spiel begriffen.<\/h4>\n<p>[\/et_pb_text][\/et_pb_column][\/et_pb_row][\/et_pb_section][et_pb_section fb_built=&#8221;1&#8243; _builder_version=&#8221;3.22&#8243;][et_pb_row _builder_version=&#8221;3.25&#8243;][et_pb_column type=&#8221;4_4&#8243; _builder_version=&#8221;3.25&#8243; custom_padding=&#8221;|||&#8221; custom_padding__hover=&#8221;|||&#8221;][et_pb_text _builder_version=&#8221;3.27.4&#8243; text_font=&#8221;Times New Roman||||||||&#8221; text_font_size=&#8221;18px&#8221;]<\/p>\n<h4><strong><em>Gibt es Spielregeln?<\/em><\/strong><\/h4>\n<h4>Ja, nat\u00fcrlich kann auch das schlaraffische Spiel nicht ohne Regeln gespielt werden.<\/h4>\n<h4><strong><em>Die wichtigsten Regeln sind:<\/em><\/strong><\/h4>\n<h4>Achtung und Respekt vor dem Mitspieler bewahren.<br \/>\nHumor ist erw\u00fcnscht, der Sarkasmus muss aber vor der T\u00fcr bleiben.<br \/>\nIronie ist erlaubt, darf den Mitspieler aber nie verletzen.<br \/>\nBerufliches, Politik und Religion sind keine Spielthemen, bleiben Tabus.<br \/>\nUnser Spiel baut auf ein tolerantes und freundschaftliches Miteinander.<\/h4>\n<p>[\/et_pb_text][\/et_pb_column][\/et_pb_row][\/et_pb_section][et_pb_section fb_built=&#8221;1&#8243; _builder_version=&#8221;3.22&#8243; use_background_color_gradient=&#8221;on&#8221; background_color_gradient_start=&#8221;#7cda24&#8243; background_color_gradient_end=&#8221;#edf000&#8243;][et_pb_row _builder_version=&#8221;3.25&#8243; background_size=&#8221;initial&#8221; background_position=&#8221;top_left&#8221; background_repeat=&#8221;repeat&#8221;][et_pb_column type=&#8221;4_4&#8243; _builder_version=&#8221;3.25&#8243; custom_padding=&#8221;|||&#8221; custom_padding__hover=&#8221;|||&#8221;][et_pb_text _builder_version=&#8221;3.27.4&#8243; text_font=&#8221;Times New Roman||||||||&#8221; text_font_size=&#8221;18px&#8221;]<\/p>\n<h4><strong><em>Warum ist Schlaraffia\u00ae nur ein M\u00e4nnerverein?<\/em><\/strong><\/h4>\n<h4>Die Schlaraffen spielen ihr Spiel im Winterhalbjahr \u2013 bis auf wenige Abende \u2013 nur unter M\u00e4nnern. Wir sind \u00fcberzeugt, dass dies eines der Erfolgsrezepte der Schlaraffia\u00ae war und ist \u2013 unsere (gespielte) Rivalit\u00e4t bleibt so garantiert problemlos. Tats\u00e4chlich sch\u00e4tzen es unsere Frauen sehr, wenn ihre M\u00e4nner nach einem Abend in Schlaraffia\u00ae fr\u00f6hlich wieder heimkehren. Dass durch Schlaraffia\u00ae viele private und enge Freundschaften zwischen den Familien entstehen, spricht f\u00fcr die hohe Akzeptanz dieser Regel. \u00dcbrigens: zweimal pro Winterung an speziellen Anl\u00e4ssen sowie w\u00e4hrend des Sommers, z.B. auf unseren gemeinsamen Reisen sind die Partnerinnen herzlich eingeladen.<\/h4>\n<p>[\/et_pb_text][\/et_pb_column][\/et_pb_row][\/et_pb_section][et_pb_section fb_built=&#8221;1&#8243; _builder_version=&#8221;3.22&#8243;][et_pb_row _builder_version=&#8221;3.25&#8243; background_size=&#8221;initial&#8221; background_position=&#8221;top_left&#8221; background_repeat=&#8221;repeat&#8221;][et_pb_column type=&#8221;4_4&#8243; _builder_version=&#8221;3.25&#8243; custom_padding=&#8221;|||&#8221; custom_padding__hover=&#8221;|||&#8221;][et_pb_text _builder_version=&#8221;3.27.4&#8243; text_font=&#8221;Times New Roman||||||||&#8221; text_font_size=&#8221;18px&#8221;]<\/p>\n<h4><em><strong>Ein Abend in Schlaraffia\u00ae soll das Gem\u00fct erh\u00f6hen!<\/strong><\/em><\/h4>\n<h4>Die Gr\u00fcnderv\u00e4ter Schlaraffias\u00ae haben den Zusammenk\u00fcnften den Rahmen eines Ritterspiels gegeben, als Persiflage auf die Eitelkeiten der Gesellschaft. Die Mitglieder, Sassen genannt, tragen deshalb auch eine \u201eritterliche R\u00fcstung\u201c, aus Stoff. Im ersten Teil der Sippung erfolgen eine ironisch feierliche Er\u00f6ffnung und die Begr\u00fcssung aller G\u00e4ste. Im zweiten Teil folgen dann die individuellen Beitr\u00e4ge der Sassen und G\u00e4ste, auch Fechsungen genannt. Es ist jedem Sassen freigestellt, ob und was er zum Gelingen der Sippung beitragen m\u00f6chte. Nat\u00fcrlich lebt die ganze Sippung nur von der regen Beteiligung der Sassen.<\/h4>\n<p>[\/et_pb_text][\/et_pb_column][\/et_pb_row][\/et_pb_section][et_pb_section fb_built=&#8221;1&#8243; _builder_version=&#8221;3.22&#8243; use_background_color_gradient=&#8221;on&#8221; background_color_gradient_start=&#8221;#7cda24&#8243; background_color_gradient_end=&#8221;#edf000&#8243;][et_pb_row _builder_version=&#8221;3.25&#8243; background_size=&#8221;initial&#8221; background_position=&#8221;top_left&#8221; background_repeat=&#8221;repeat&#8221;][et_pb_column type=&#8221;4_4&#8243; _builder_version=&#8221;3.25&#8243; custom_padding=&#8221;|||&#8221; custom_padding__hover=&#8221;|||&#8221;][et_pb_text _builder_version=&#8221;3.27.4&#8243; text_font=&#8221;Times New Roman||||||||&#8221; text_font_size=&#8221;18px&#8221;]<\/p>\n<h4><em><strong>Wann trifft man sich?<\/strong><\/em><\/h4>\n<h4>Schlaraffia\u00ae ist in Reychen organisiert. Die Treffen, \u00abSippungen\u00bb genannt, finden in Europa und Nordamerika im Winterhalbjahr vom 1. Oktober bis zum 30. April in jedem \u00f6rtlichen Verein einmal pro Woche statt. In Lateinamerika, Australien und S\u00fcdafrika, wo der Winter w\u00e4hrend unserer Sommerzeit stattfindet, wird in unseren Sommermonaten gesippt.<\/h4>\n<p>[\/et_pb_text][\/et_pb_column][\/et_pb_row][\/et_pb_section][et_pb_section fb_built=&#8221;1&#8243; _builder_version=&#8221;3.22&#8243;][et_pb_row _builder_version=&#8221;3.25&#8243; background_size=&#8221;initial&#8221; background_position=&#8221;top_left&#8221; background_repeat=&#8221;repeat&#8221;][et_pb_column type=&#8221;4_4&#8243; _builder_version=&#8221;3.25&#8243; custom_padding=&#8221;|||&#8221; custom_padding__hover=&#8221;|||&#8221;][et_pb_text _builder_version=&#8221;3.27.4&#8243; text_font=&#8221;Times New Roman||||||||&#8221; text_font_size=&#8221;18px&#8221;]<\/p>\n<h4><em><strong>Schlaraffia\u00ae ist f\u00fcr jeden offen aber keine \u00f6ffentliche Institution!<\/strong><\/em><\/h4>\n<h4>Wenn Sie unser Spiel und den Ablauf eines Abends einmal erleben m\u00f6chten, dann sind Sie herzlich eingeladen in Begleitung eines Schlaraffen teilzunehmen. Sie werden dann unverbindlich als \u00abPilger\u00bb eingef\u00fchrt. Daraus ergeben sich f\u00fcr Sie keinerlei Verpflichtungen. Sollten Sie gefallen an unserem Spiel finden, haben Sie die M\u00f6glichkeit, weitere Abende als \u201ePilger\u00bb zu besuchen. Reift in Ihnen der Wunsch, unserem Bund beizutreten, dann folgt eine Zeit, in der Sie als \u00abPr\u00fcfling\u00bb die Sassen des Vereins besser kennenlernen k\u00f6nnen und umgekehrt.<\/h4>\n<p>[\/et_pb_text][\/et_pb_column][\/et_pb_row][\/et_pb_section]<\/p>\n","protected":false},"excerpt":{"rendered":"<p>Was ist Schlaraffia\u00ae Schlaraffia\u00ae ist eine weltweite Vereinigung von M\u00e4nnern, die der Pflege von Kunst, Freundschaft und Humor verpflichtet sind. Ihr Leitspruch heisst \u00abIn arte voluptas\u00bb, \u00abIn der Kunst liegt das Vergn\u00fcgen\u00bb. Sollte mich je ein Unwissender fragen: Was macht ihr Schlaraffen? Ich w\u00fcrde ihm sagen: Wir sind Freunde, musisch meist, Lachen gerne \u00fcber Spa\u00df [&hellip;]<\/p>\n","protected":false},"author":1,"featured_media":0,"parent":0,"menu_order":0,"comment_status":"closed","ping_status":"closed","template":"","meta":{"_et_pb_use_builder":"on","_et_pb_old_content":"","_et_gb_content_width":"","footnotes":""},"_links":{"self":[{"href":"https:\/\/rockymountania.org\/index.php?rest_route=\/wp\/v2\/pages\/360"}],"collection":[{"href":"https:\/\/rockymountania.org\/index.php?rest_route=\/wp\/v2\/pages"}],"about":[{"href":"https:\/\/rockymountania.org\/index.php?rest_route=\/wp\/v2\/types\/page"}],"author":[{"embeddable":true,"href":"https:\/\/rockymountania.org\/index.php?rest_route=\/wp\/v2\/users\/1"}],"replies":[{"embeddable":true,"href":"https:\/\/rockymountania.org\/index.php?rest_route=%2Fwp%2Fv2%2Fcomments&post=360"}],"version-history":[{"count":15,"href":"https:\/\/rockymountania.org\/index.php?rest_route=\/wp\/v2\/pages\/360\/revisions"}],"predecessor-version":[{"id":1228,"href":"https:\/\/rockymountania.org\/index.php?rest_route=\/wp\/v2\/pages\/360\/revisions\/1228"}],"wp:attachment":[{"href":"https:\/\/rockymountania.org\/index.php?rest_route=%2Fwp%2Fv2%2Fmedia&parent=360"}],"curies":[{"name":"wp","href":"https:\/\/api.w.org\/{rel}","templated":true}]}}